{"id":3535,"date":"2022-05-10T17:58:14","date_gmt":"2022-05-10T15:58:14","guid":{"rendered":"https:\/\/new.glaroform.ch\/karriere-2\/"},"modified":"2024-10-29T10:13:00","modified_gmt":"2024-10-29T09:13:00","slug":"disclaimer-datenschutz","status":"publish","type":"page","link":"https:\/\/glaroform.swiss\/de\/disclaimer-datenschutz\/","title":{"rendered":"Disclai\u00admer &amp; Datenschutz"},"content":{"rendered":"<div class=\"fusion-fullwidth fullwidth-box fusion-builder-row-1 fusion-flex-container nonhundred-percent-fullwidth non-hundred-percent-height-scrolling\" style=\"background-color: rgba(255,255,255,0);background-position: center center;background-repeat: no-repeat;border-width: 0px 0px 0px 0px;border-color:#2b2b2b;border-style:solid;\"><div class=\"fusion-builder-row fusion-row fusion-flex-align-items-flex-start\" style=\"max-width:1248px;margin-left: calc(-4% \/ 2 );margin-right: calc(-4% \/ 2 );\"><div class=\"fusion-layout-column fusion_builder_column fusion-builder-column-0 fusion_builder_column_1_5 1_5 fusion-flex-column\"><div class=\"fusion-column-wrapper fusion-flex-justify-content-flex-start fusion-content-layout-column\" style=\"background-position:left top;background-repeat:no-repeat;-webkit-background-size:cover;-moz-background-size:cover;-o-background-size:cover;background-size:cover;padding: 0px 0px 0px 0px;\"><\/div><style type=\"text\/css\">.fusion-body .fusion-builder-column-0{width:20% !important;margin-top : 0px;margin-bottom : 20px;}.fusion-builder-column-0 > .fusion-column-wrapper {padding-top : 0px !important;padding-right : 0px !important;margin-right : 9.6%;padding-bottom : 0px !important;padding-left : 0px !important;margin-left : 9.6%;}@media only screen and (max-width:800px) {.fusion-body .fusion-builder-column-0{width:100% !important;order : 0;}.fusion-builder-column-0 > .fusion-column-wrapper {margin-right : 1.92%;margin-left : 1.92%;}}@media only screen and (max-width:640px) {.fusion-body .fusion-builder-column-0{width:100% !important;order : 0;}.fusion-builder-column-0 > .fusion-column-wrapper {margin-right : 1.92%;margin-left : 1.92%;}}<\/style><\/div><div class=\"fusion-layout-column fusion_builder_column fusion-builder-column-1 fusion_builder_column_3_5 3_5 fusion-flex-column\"><div class=\"fusion-column-wrapper fusion-flex-justify-content-flex-start fusion-content-layout-column\" style=\"background-position:left top;background-repeat:no-repeat;-webkit-background-size:cover;-moz-background-size:cover;-o-background-size:cover;background-size:cover;padding: 0px 0px 0px 0px;\"><div class=\"fusion-text fusion-text-1\" style=\"text-transform:none;\"><div class=\"clearfix \">\n<div class=\"wpb_wrapper\">\n<h1>DISCLAI\u00adMER<\/h1>\n<p>Alle Texte und Links wurden sorg\u00adf\u00e4l\u00adtig gepr\u00fcft und werden laufend aktua\u00adli\u00adsiert. Wir sind bem\u00fcht, rich\u00adtige und voll\u00adst\u00e4n\u00addige Infor\u00adma\u00adtio\u00adnen auf dieser Website bereit\u00adzu\u00adstel\u00adlen, \u00fcber\u00adneh\u00admen aber keiner\u00adlei Verant\u00adwor\u00adtung, Garan\u00adtien oder Haftung daf\u00fcr, dass die durch diese Website bereit\u00adge\u00adstell\u00adten Infor\u00adma\u00adtio\u00adnen, einschliess\u00adlich jegli\u00adcher Daten\u00adbank\u00adein\u00adtr\u00e4ge, rich\u00adtig, voll\u00adst\u00e4n\u00addig oder aktu\u00adell sind. Wir behal\u00adten uns das Recht vor, jeder\u00adzeit und ohne Vorank\u00fcn\u00addi\u00adgung die Infor\u00adma\u00adtio\u00adnen auf dieser Website zu \u00e4ndern und verpflich\u00adten uns auch nicht, die enthal\u00adte\u00adnen Infor\u00adma\u00adtio\u00adnen zu aktua\u00adli\u00adsie\u00adren. Alle Links zu exter\u00adnen Anbie\u00adtern wurden zum Zeit\u00adpunkt ihrer Aufnahme auf ihre Rich\u00adtig\u00adkeit \u00fcber\u00adpr\u00fcft. Dennoch haften wir nicht f\u00fcr Inhalte und Verf\u00fcg\u00adbar\u00adkeit von Websites, die mittels Hyper\u00adlinks zu errei\u00adchen sind. F\u00fcr ille\u00adgale, fehler\u00adhafte oder unvoll\u00adst\u00e4n\u00addige Inhalte und insbe\u00adson\u00addere f\u00fcr Sch\u00e4\u00adden, die durch die unge\u00adpr\u00fcfte Nutzung von Inhal\u00adten verkn\u00fcpf\u00adter Seiten entste\u00adhen, haftet allein der Anbie\u00adter der Seite, auf welche verwie\u00adsen wurde. Dabei ist es gleich\u00adg\u00fcl\u00adtig, ob der Scha\u00adden direk\u00adter, indi\u00adrek\u00adter oder finan\u00adzi\u00adel\u00adler Natur ist oder ein sons\u00adti\u00adger Scha\u00adden vorliegt, der sich aus Daten\u00adver\u00adlust, Nutzungs\u00adaus\u00adfall oder ande\u00adren Gr\u00fcn\u00adden aller Art erge\u00adben k\u00f6nnte.<\/p>\n<h3><strong>Inhalte &amp; Webkreation<\/strong><\/h3>\n<p><em>Verant\u00adwort\u00adlich:<br>\n<\/em><a href=\"https:\/\/glaroform.swiss\">Robin Eberle, Head of Marke\u00adting \/ Sales,&nbsp;Glaro\u00adform AG, N\u00e4fels<\/a><\/p>\n<p><em>Foto- &amp; Videografie:<br>\n<\/em><a href=\"https:\/\/www.broncokunst.ch\/\" target=\"_blank\" rel=\"noopener noreferrer\">Alex Hug &amp; Marco B\u00e4ni, Bron\u00adco\u00adKunst GmbH, N\u00e4fels<\/a><\/p>\n<p><em>Berg Foto\u00adgra\u00adfie:<br>\n<\/em><a href=\"https:\/\/www.maximiliangierlphotography.com\" target=\"_blank\" rel=\"noopener noreferrer\">Maxi\u00admi\u00adlian Gierl, Luzern<\/a><\/p>\n<p><em>Konzept:<br>\n<\/em><a href=\"https:\/\/www.hotzbrandconsultants.ch\/\" target=\"_blank\" rel=\"noopener noreferrer\">Selina Zeder, Brand Impact Mana\u00adger, Hotz Brand Consul\u00adtants AG, Steinhausen<\/a><br>\n<em><br>\nWebdesign:<br>\n<\/em><a href=\"https:\/\/www.broncokunst.ch\/\" target=\"_blank\" rel=\"noopener noreferrer\">Alex Hug, Crea\u00adtive Direc\u00adtor \/ CEO, Bron\u00adco\u00adKunst GmbH, N\u00e4fels<\/a><\/p>\n<\/div>\n<\/div>\n<div class=\"krown-divider\"><\/div>\n<div class=\"clearfix \">\n<div class=\"wpb_wrapper\">\n<h1>DATEN\u00adSCHUTZ<\/h1>\n<h3>Allge\u00admeine Informationen<\/h3>\n<p>Glaro\u00adform AG nimmt den Schutz Ihrer pers\u00f6n\u00adli\u00adchen Daten sehr ernst. Wir behan\u00addeln Ihre perso\u00adnen\u00adbe\u00adzo\u00adge\u00adnen Daten vertraulich.<\/p>\n<p>Die Nutzung unse\u00adrer Website ist in der Regel ohne Angabe perso\u00adnen\u00adbe\u00adzo\u00adge\u00adner Daten m\u00f6glich. Soweit auf unse\u00adrer Seite perso\u00adnen\u00adbe\u00adzo\u00adgene Daten (beispiels\u00adweise Name, Anschrift oder E\u2011Mail-Adres\u00adsen) ange\u00adfragt werden, erfolgt dies, soweit m\u00f6glich, stets auf frei\u00adwil\u00adli\u00adger Basis. Diese Daten werden ohne Ihre ausdr\u00fcck\u00adli\u00adche Zustim\u00admung nicht an Dritte weitergegeben.<\/p>\n<p>Wir weisen darauf hin, dass die Daten\u00ad\u00fcber\u00adtra\u00adgung im Inter\u00adnet (z.B. bei der Kommu\u00adni\u00adka\u00adtion per E\u2011Mail) Sicher\u00adheits\u00adl\u00fc\u00adcken aufwei\u00adsen kann. Ein l\u00fccken\u00adlo\u00adser Schutz der Daten vor dem Zugriff durch Dritte ist nicht m\u00f6glich.<\/p>\n<h3>Cookies<\/h3>\n<p>Die Website verwen\u00addet teil\u00adweise soge\u00adnannte Cookies. Cookies dienen dazu, unser Ange\u00adbot nutzer\u00adfreund\u00adli\u00adcher, effek\u00adti\u00adver und siche\u00adrer zu machen. Cookies rich\u00adten auf Ihrem Rech\u00adner keinen Scha\u00adden an und enthal\u00adten keine Viren. Cookies sind kleine Text\u00adda\u00adteien, die auf Ihrem Rech\u00adner abge\u00adlegt werden und die Ihr Brow\u00adser speichert.<\/p>\n<p>Die meis\u00adten der von uns verwen\u00adde\u00adten Cookies sind so genannte \u00abSession-Cookies\u00bb. Sie werden nach Ende Ihres Besuchs auto\u00adma\u00adtisch gel\u00f6scht. Andere Cookies blei\u00adben auf Ihrem Endge\u00adr\u00e4t gespei\u00adchert, bis Sie diese l\u00f6schen. Diese Cookies erm\u00f6g\u00adli\u00adchen es uns, Ihren Brow\u00adser beim n\u00e4chs\u00adten Besuch wiederzuerkennen.<\/p>\n<p>Sie k\u00f6nnen Ihren Brow\u00adser so einstel\u00adlen, dass Sie \u00fcber das Setzen von Cookies infor\u00admiert werden und Cookies nur im Einzel\u00adfall erlau\u00adben, die Annahme von Cookies f\u00fcr bestimmte F\u00e4lle oder gene\u00adrell ausschlies\u00adsen sowie das auto\u00adma\u00adti\u00adsche L\u00f6schen der Cookies beim Schlies\u00adsen des Brow\u00adser akti\u00advie\u00adren. Bei der Deak\u00adti\u00advie\u00adrung von Cookies kann die Funk\u00adtio\u00adna\u00adli\u00adt\u00e4t dieser Website einge\u00adschr\u00e4nkt sein.<\/p>\n<h3>Server Log&nbsp;Files<\/h3>\n<p>Der Provi\u00adder der Seiten erhebt und spei\u00adchert auto\u00adma\u00adtisch Infor\u00adma\u00adtio\u00adnen in soge\u00adnann\u00adten Server-Log Files, die Ihr Brow\u00adser auto\u00adma\u00adtisch an uns \u00fcber\u00admit\u00adtelt. Dies&nbsp;sind:<\/p>\n<p>\u00b7 Brow\u00adser\u00adtyp und Browserversion<br>\n\u00b7 verwen\u00adde\u00adtes Betriebssystem<br>\n\u00b7 Refer\u00adrer&nbsp;URL<br>\n\u00b7 Host\u00adname des zugrei\u00adfen\u00adden Rechners<br>\n\u00b7 Uhrzeit der Serveranfrage<\/p>\n<p>Diese Daten sind nicht bestimm\u00adten Perso\u00adnen zuor\u00adden\u00adbar. Eine Zusam\u00admen\u00adf\u00fch\u00adrung dieser Daten mit ande\u00adren Daten\u00adquel\u00adlen wird nicht vorge\u00adnom\u00admen. Wir behal\u00adten uns vor, diese Daten nach\u00adtr\u00e4g\u00adlich zu pr\u00fcfen, wenn uns konkrete Anhalts\u00adpunkte f\u00fcr eine rechts\u00adwid\u00adrige Nutzung bekannt werden.<\/p>\n<h3>Google Analy\u00adtics<\/h3>\n<p>Diese Website nutzt Google Analy\u00adtics, einen Webana\u00adly\u00adse\u00addienst der Google Inc. (\u00abGoogle\u00bb). Google Analy\u00adtics verwen\u00addet Cookies, die auf Ihrem Compu\u00adter gespei\u00adchert werden und die eine Analyse der Benut\u00adzung der Website durch Sie erm\u00f6g\u00adli\u00adchen. Die durch den Cookie erzeug\u00adten Infor\u00adma\u00adtio\u00adnen \u00fcber Ihre Benut\u00adzung dieser Website werden in der Regel an einen Server von Google in den USA \u00fcber\u00adtra\u00adgen und dort gespei\u00adchert. Auf dieser Webseite ist die IP-Anony\u00admi\u00adsie\u00adrung akti\u00adviert und somit wird Ihre IP-Adresse von Google inner\u00adhalb von Mitglied\u00adstaa\u00adten der Euro\u00adp\u00e4i\u00adschen Union oder in ande\u00adren Vertrags\u00adstaa\u00adten des Abkom\u00admens \u00fcber den euro\u00adp\u00e4i\u00adschen Wirt\u00adschafts\u00adraum zuvor gek\u00fcrzt. Nur in Ausnah\u00adme\u00adf\u00e4l\u00adlen wird die volle IP-Adresse an einen Server von Google in den USA \u00fcber\u00adtra\u00adgen und dort gek\u00fcrzt. Google wird diese Infor\u00adma\u00adtio\u00adnen benut\u00adzen, um Ihre Nutzung der Website auszu\u00adwer\u00adten, um Reports \u00fcber die Website\u00adak\u00adti\u00advi\u00adt\u00e4\u00adten f\u00fcr die Website\u00adbe\u00adtrei\u00adber zusam\u00admen\u00adzu\u00adstel\u00adlen und um weitere mit der Website\u00adnut\u00adzung und der Inter\u00adnet\u00adnut\u00adzung verbun\u00addene Dienst\u00adleis\u00adtun\u00adgen zu erbrin\u00adgen. Auch wird Google diese Infor\u00adma\u00adtio\u00adnen gege\u00adbe\u00adnen\u00adfalls an Dritte \u00fcber\u00adtra\u00adgen, sofern dies gesetz\u00adlich vorge\u00adschrie\u00adben oder soweit Dritte diese Daten im Auftrag von Google verar\u00adbei\u00adten. Die im Rahmen von Google Analy\u00adtics von Ihrem Brow\u00adser \u00fcber\u00admit\u00adtelte IP-Adresse wird nicht mit ande\u00adren Daten von Google zusam\u00admen\u00adge\u00adf\u00fchrt. Mehr Infor\u00adma\u00adtio\u00adnen zum Umgang mit Nutzer\u00adda\u00adten bei Google Analy\u00adtics finden Sie in der <a href=\"https:\/\/support.google.com\/analytics\/answer\/6004245?hl=de\" target=\"_blank\" rel=\"noopener\">Daten\u00adschutz\u00ader\u00adkl\u00e4\u00adrung von Google.<\/a><\/p>\n<h3>Google Maps<\/h3>\n<p>Diese Website verwen\u00addet das \u00abGoogle Maps\u00bb von Google Inc. Durch die Nutzung dieser Webseite erkl\u00e4\u00adren Sie sich mit der Erfas\u00adsung, Bear\u00adbei\u00adtung sowie Nutzung der auto\u00adma\u00adti\u00adsiert erho\u00adbe\u00adnen Daten durch Google Inc, deren Vertre\u00adter sowie Drit\u00adter einver\u00adstan\u00adden. Die Nutzungs\u00adbe\u00addin\u00adgun\u00adgen von Google Maps finden sie unter den <a href=\"https:\/\/www.google.com\/intl\/de_de\/help\/terms_maps.html\" target=\"_blank\" rel=\"noopener\">Nutzungs\u00adbe\u00addin\u00adgun\u00adgen von Google Maps.<\/a><\/p>\n<h3>Kontakt\u00adfor\u00admu\u00adlar<\/h3>\n<p>Wenn Sie uns \u00fcber das Kontakt\u00adfor\u00admu\u00adlar Anfra\u00adgen zukom\u00admen lassen, werden Ihre Anga\u00adben aus dem Anfra\u00adge\u00adfor\u00admu\u00adlar inklu\u00adsive der von Ihnen dort ange\u00adge\u00adbe\u00adnen Kontakt\u00adda\u00adten zwecks Bear\u00adbei\u00adtung der Anfrage und f\u00fcr den Fall von Anschluss\u00adfra\u00adgen bei uns gespei\u00adchert. Diese Daten geben wir nicht ohne Ihre Einwil\u00adli\u00adgung weiter und werden vertrau\u00adlich behandelt.<\/p>\n<h3>Auskunft, L\u00f6schung und Sperrung<\/h3>\n<p>Sie erhal\u00adten Auskunft \u00fcber die von uns gespei\u00adcher\u00adten perso\u00adnen\u00adbe\u00adzo\u00adge\u00adnen Daten zu Ihrer Person sowie zur Herkunft, dem Empf\u00e4n\u00adger und dem Zweck von Daten\u00ader\u00adhe\u00adbung sowie Daten\u00adver\u00adar\u00adbei\u00adtung. Ausser\u00addem haben Sie das Recht, die Berich\u00adti\u00adgung, die Sper\u00adrung oder L\u00f6schung Ihrer Daten zu verlan\u00adgen. Ausge\u00adnom\u00admen davon sind Daten, die aufgrund gesetz\u00adli\u00adcher Vorschrif\u00adten aufbe\u00adwahrt oder zur ordnungs\u00adge\u00adm\u00e4s\u00adsen Gesch\u00e4fts\u00adab\u00adwick\u00adlung ben\u00f6\u00adtigt werden. Damit eine Daten\u00adsperre jeder\u00adzeit reali\u00adsiert werden kann, werden Daten zu Kontroll\u00adzwe\u00adcken in einer Sperr\u00adda\u00adtei vorge\u00adhal\u00adten. Werden Daten nicht von einer gesetz\u00adli\u00adchen Archi\u00advie\u00adrungs\u00adpflicht erfasst, l\u00f6schen wir Ihre Daten auf Ihren Wunsch. Greift die Archi\u00advie\u00adrungs\u00adpflicht, sper\u00adren wir Ihre Daten. F\u00fcr alle Fragen und Anlie\u00adgen zur Berich\u00adti\u00adgung, Sper\u00adrung oder L\u00f6schung von perso\u00adnen\u00adbe\u00adzo\u00adge\u00adnen Daten wenden Sie sich bitte an&nbsp;uns:<\/p>\n<h4><a href=\"https:\/\/goo.gl\/maps\/zZutm3XVXyUdj96R7\" target=\"_blank\" rel=\"noopener\">Glaro\u00adform&nbsp;AG<\/a><\/h4>\n<p><a href=\"https:\/\/goo.gl\/maps\/zZutm3XVXyUdj96R7\" target=\"_blank\" rel=\"noopener\">Am Linthli 12<\/a><br>\n<a href=\"https:\/\/goo.gl\/maps\/zZutm3XVXyUdj96R7\" target=\"_blank\" rel=\"noopener\">CH-8752 N\u00e4fels<\/a><br>\n<a href=\"https:\/\/goo.gl\/maps\/zZutm3XVXyUdj96R7\" target=\"_blank\" rel=\"noopener\">Switz\u00ader\u00adland<\/a><\/p>\n<p><a href=\"tel:+41556184530\">+41 55 618 45&nbsp;30<\/a><br>\n<a href=\"mailto:info@glaroform.swiss?subject=Anfrage von der Website\">info@glaroform.swiss<\/a><\/p>\n<p><em>N\u00e4fels, im Juni&nbsp;2022<\/em><\/p>\n<\/div>\n<\/div>\n<\/div><\/div><style type=\"text\/css\">.fusion-body .fusion-builder-column-1{width:60% !important;margin-top : 0px;margin-bottom : 20px;}.fusion-builder-column-1 > .fusion-column-wrapper {padding-top : 0px !important;padding-right : 0px !important;margin-right : 3.2%;padding-bottom : 0px !important;padding-left : 0px !important;margin-left : 3.2%;}@media only screen and (max-width:800px) {.fusion-body .fusion-builder-column-1{width:100% !important;order : 0;}.fusion-builder-column-1 > .fusion-column-wrapper {margin-right : 1.92%;margin-left : 1.92%;}}@media only screen and (max-width:640px) {.fusion-body .fusion-builder-column-1{width:100% !important;order : 0;}.fusion-builder-column-1 > .fusion-column-wrapper {margin-right : 1.92%;margin-left : 1.92%;}}<\/style><\/div><div class=\"fusion-layout-column fusion_builder_column fusion-builder-column-2 fusion_builder_column_1_5 1_5 fusion-flex-column\"><div class=\"fusion-column-wrapper fusion-flex-justify-content-flex-start fusion-content-layout-column\" style=\"background-position:left top;background-repeat:no-repeat;-webkit-background-size:cover;-moz-background-size:cover;-o-background-size:cover;background-size:cover;padding: 0px 0px 0px 0px;\"><\/div><style type=\"text\/css\">.fusion-body .fusion-builder-column-2{width:20% !important;margin-top : 0px;margin-bottom : 20px;}.fusion-builder-column-2 > .fusion-column-wrapper {padding-top : 0px !important;padding-right : 0px !important;margin-right : 9.6%;padding-bottom : 0px !important;padding-left : 0px !important;margin-left : 9.6%;}@media only screen and (max-width:800px) {.fusion-body .fusion-builder-column-2{width:100% !important;order : 0;}.fusion-builder-column-2 > .fusion-column-wrapper {margin-right : 1.92%;margin-left : 1.92%;}}@media only screen and (max-width:640px) {.fusion-body .fusion-builder-column-2{width:100% !important;order : 0;}.fusion-builder-column-2 > .fusion-column-wrapper {margin-right : 1.92%;margin-left : 1.92%;}}<\/style><\/div><\/div><style type=\"text\/css\">.fusion-body .fusion-flex-container.fusion-builder-row-1{ padding-top : 0px;margin-top : 200px;padding-right : 0px;padding-bottom : 0px;margin-bottom : 120px;padding-left : 0px;}@media only screen and (max-width:800px) {.fusion-body .fusion-flex-container.fusion-builder-row-1{ margin-top : 100px;margin-bottom : 60px;}}@media only screen and (max-width:640px) {.fusion-body .fusion-flex-container.fusion-builder-row-1{ margin-top : 50px;margin-bottom : 30px;}}<\/style><\/div>\n","protected":false},"excerpt":{"rendered":"","protected":false},"author":1,"featured_media":0,"parent":0,"menu_order":0,"comment_status":"closed","ping_status":"closed","template":"100-width.php","meta":{"inline_featured_image":false,"wp_typography_post_enhancements_disabled":false,"footnotes":""},"class_list":["post-3535","page","type-page","status-publish","hentry"],"yoast_head":"<!-- This site is optimized with the Yoast SEO plugin v23.3 - https:\/\/yoast.com\/wordpress\/plugins\/seo\/ -->\n<title>Disclaimer &amp; Datenschutz &#8211; Glaroform<\/title>\n<meta name=\"robots\" content=\"index, follow, max-snippet:-1, max-image-preview:large, max-video-preview:-1\" \/>\n<link rel=\"canonical\" href=\"https:\/\/glaroform.swiss\/de\/disclaimer-datenschutz\/\" \/>\n<meta property=\"og:locale\" content=\"de_DE\" \/>\n<meta property=\"og:type\" content=\"article\" \/>\n<meta property=\"og:title\" content=\"Disclaimer &amp; Datenschutz &#8211; Glaroform\" \/>\n<meta property=\"og:url\" content=\"https:\/\/glaroform.swiss\/de\/disclaimer-datenschutz\/\" \/>\n<meta property=\"og:site_name\" content=\"Glaroform\" \/>\n<meta property=\"article:modified_time\" content=\"2024-10-29T09:13:00+00:00\" \/>\n<meta name=\"twitter:card\" content=\"summary_large_image\" \/>\n<meta name=\"twitter:label1\" content=\"Gesch\u00e4tzte Lesezeit\" \/>\n\t<meta name=\"twitter:data1\" content=\"9\u00a0Minuten\" \/>\n<script type=\"application\/ld+json\" class=\"yoast-schema-graph\">{\"@context\":\"https:\/\/schema.org\",\"@graph\":[{\"@type\":\"WebPage\",\"@id\":\"https:\/\/glaroform.swiss\/de\/disclaimer-datenschutz\/\",\"url\":\"https:\/\/glaroform.swiss\/de\/disclaimer-datenschutz\/\",\"name\":\"Disclaimer & Datenschutz &#8211; Glaroform\",\"isPartOf\":{\"@id\":\"https:\/\/glaroform.swiss\/de\/#website\"},\"datePublished\":\"2022-05-10T15:58:14+00:00\",\"dateModified\":\"2024-10-29T09:13:00+00:00\",\"breadcrumb\":{\"@id\":\"https:\/\/glaroform.swiss\/de\/disclaimer-datenschutz\/#breadcrumb\"},\"inLanguage\":\"de\",\"potentialAction\":[{\"@type\":\"ReadAction\",\"target\":[\"https:\/\/glaroform.swiss\/de\/disclaimer-datenschutz\/\"]}]},{\"@type\":\"BreadcrumbList\",\"@id\":\"https:\/\/glaroform.swiss\/de\/disclaimer-datenschutz\/#breadcrumb\",\"itemListElement\":[{\"@type\":\"ListItem\",\"position\":1,\"name\":\"Startseite\",\"item\":\"https:\/\/glaroform.swiss\/de\/\"},{\"@type\":\"ListItem\",\"position\":2,\"name\":\"Disclaimer &#038; Datenschutz\"}]},{\"@type\":\"WebSite\",\"@id\":\"https:\/\/glaroform.swiss\/de\/#website\",\"url\":\"https:\/\/glaroform.swiss\/de\/\",\"name\":\"Glaroform\",\"description\":\"Swiss Packaging Moulds\",\"publisher\":{\"@id\":\"https:\/\/glaroform.swiss\/de\/#organization\"},\"potentialAction\":[{\"@type\":\"SearchAction\",\"target\":{\"@type\":\"EntryPoint\",\"urlTemplate\":\"https:\/\/glaroform.swiss\/de\/?s={search_term_string}\"},\"query-input\":\"required name=search_term_string\"}],\"inLanguage\":\"de\"},{\"@type\":\"Organization\",\"@id\":\"https:\/\/glaroform.swiss\/de\/#organization\",\"name\":\"Glaroform AG\",\"url\":\"https:\/\/glaroform.swiss\/de\/\",\"logo\":{\"@type\":\"ImageObject\",\"inLanguage\":\"de\",\"@id\":\"https:\/\/glaroform.swiss\/de\/#\/schema\/logo\/image\/\",\"url\":\"https:\/\/glaroform.swiss\/wp-content\/uploads\/2022\/03\/glaroform-logo-175_2x.png\",\"contentUrl\":\"https:\/\/glaroform.swiss\/wp-content\/uploads\/2022\/03\/glaroform-logo-175_2x.png\",\"width\":351,\"height\":71,\"caption\":\"Glaroform AG\"},\"image\":{\"@id\":\"https:\/\/glaroform.swiss\/de\/#\/schema\/logo\/image\/\"},\"sameAs\":[\"https:\/\/ch.linkedin.com\/company\/glaroform\"]}]}<\/script>\n<!-- \/ Yoast SEO plugin. -->","yoast_head_json":{"title":"Disclaimer & Datenschutz &#8211; Glaroform","robots":{"index":"index","follow":"follow","max-snippet":"max-snippet:-1","max-image-preview":"max-image-preview:large","max-video-preview":"max-video-preview:-1"},"canonical":"https:\/\/glaroform.swiss\/de\/disclaimer-datenschutz\/","og_locale":"de_DE","og_type":"article","og_title":"Disclaimer & Datenschutz &#8211; Glaroform","og_url":"https:\/\/glaroform.swiss\/de\/disclaimer-datenschutz\/","og_site_name":"Glaroform","article_modified_time":"2024-10-29T09:13:00+00:00","twitter_card":"summary_large_image","twitter_misc":{"Gesch\u00e4tzte Lesezeit":"9\u00a0Minuten"},"schema":{"@context":"https:\/\/schema.org","@graph":[{"@type":"WebPage","@id":"https:\/\/glaroform.swiss\/de\/disclaimer-datenschutz\/","url":"https:\/\/glaroform.swiss\/de\/disclaimer-datenschutz\/","name":"Disclaimer & Datenschutz &#8211; Glaroform","isPartOf":{"@id":"https:\/\/glaroform.swiss\/de\/#website"},"datePublished":"2022-05-10T15:58:14+00:00","dateModified":"2024-10-29T09:13:00+00:00","breadcrumb":{"@id":"https:\/\/glaroform.swiss\/de\/disclaimer-datenschutz\/#breadcrumb"},"inLanguage":"de","potentialAction":[{"@type":"ReadAction","target":["https:\/\/glaroform.swiss\/de\/disclaimer-datenschutz\/"]}]},{"@type":"BreadcrumbList","@id":"https:\/\/glaroform.swiss\/de\/disclaimer-datenschutz\/#breadcrumb","itemListElement":[{"@type":"ListItem","position":1,"name":"Startseite","item":"https:\/\/glaroform.swiss\/de\/"},{"@type":"ListItem","position":2,"name":"Disclaimer &#038; Datenschutz"}]},{"@type":"WebSite","@id":"https:\/\/glaroform.swiss\/de\/#website","url":"https:\/\/glaroform.swiss\/de\/","name":"Glaroform","description":"Swiss Packaging Moulds","publisher":{"@id":"https:\/\/glaroform.swiss\/de\/#organization"},"potentialAction":[{"@type":"SearchAction","target":{"@type":"EntryPoint","urlTemplate":"https:\/\/glaroform.swiss\/de\/?s={search_term_string}"},"query-input":"required name=search_term_string"}],"inLanguage":"de"},{"@type":"Organization","@id":"https:\/\/glaroform.swiss\/de\/#organization","name":"Glaroform AG","url":"https:\/\/glaroform.swiss\/de\/","logo":{"@type":"ImageObject","inLanguage":"de","@id":"https:\/\/glaroform.swiss\/de\/#\/schema\/logo\/image\/","url":"https:\/\/glaroform.swiss\/wp-content\/uploads\/2022\/03\/glaroform-logo-175_2x.png","contentUrl":"https:\/\/glaroform.swiss\/wp-content\/uploads\/2022\/03\/glaroform-logo-175_2x.png","width":351,"height":71,"caption":"Glaroform AG"},"image":{"@id":"https:\/\/glaroform.swiss\/de\/#\/schema\/logo\/image\/"},"sameAs":["https:\/\/ch.linkedin.com\/company\/glaroform"]}]}},"_links":{"self":[{"href":"https:\/\/glaroform.swiss\/de\/wp-json\/wp\/v2\/pages\/3535"}],"collection":[{"href":"https:\/\/glaroform.swiss\/de\/wp-json\/wp\/v2\/pages"}],"about":[{"href":"https:\/\/glaroform.swiss\/de\/wp-json\/wp\/v2\/types\/page"}],"author":[{"embeddable":true,"href":"https:\/\/glaroform.swiss\/de\/wp-json\/wp\/v2\/users\/1"}],"replies":[{"embeddable":true,"href":"https:\/\/glaroform.swiss\/de\/wp-json\/wp\/v2\/comments?post=3535"}],"version-history":[{"count":7,"href":"https:\/\/glaroform.swiss\/de\/wp-json\/wp\/v2\/pages\/3535\/revisions"}],"predecessor-version":[{"id":4919,"href":"https:\/\/glaroform.swiss\/de\/wp-json\/wp\/v2\/pages\/3535\/revisions\/4919"}],"wp:attachment":[{"href":"https:\/\/glaroform.swiss\/de\/wp-json\/wp\/v2\/media?parent=3535"}],"curies":[{"name":"wp","href":"https:\/\/api.w.org\/{rel}","templated":true}]}}